{"id":261,"date":"2025-10-04T11:20:16","date_gmt":"2025-10-04T11:20:16","guid":{"rendered":"https:\/\/valeriacarrara.de\/?page_id=261"},"modified":"2025-10-04T14:20:08","modified_gmt":"2025-10-04T14:20:08","slug":"collab","status":"publish","type":"page","link":"https:\/\/valeriacarrara.de\/?page_id=261","title":{"rendered":"Collab"},"content":{"rendered":"\t\t<div data-elementor-type=\"wp-page\" data-elementor-id=\"261\" class=\"elementor elementor-261\">\n\t\t\t\t<div class=\"elementor-element elementor-element-2b1d6b7 e-flex e-con-boxed e-con e-parent\" data-id=\"2b1d6b7\" data-element_type=\"container\" data-e-type=\"container\">\n\t\t\t\t\t<div class=\"e-con-inner\">\n\t\t\t\t<div class=\"elementor-element elementor-element-aae83c6 elementor-widget elementor-widget-heading\" data-id=\"aae83c6\" data-element_type=\"widget\" data-e-type=\"widget\" data-widget_type=\"heading.default\">\n\t\t\t\t\t<h2 class=\"elementor-heading-title elementor-size-default\">Collab<\/h2>\t\t\t\t<\/div>\n\t\t\t\t\t<\/div>\n\t\t\t\t<\/div>\n\t\t<div class=\"elementor-element elementor-element-69a87dc e-flex e-con-boxed e-con e-parent\" data-id=\"69a87dc\" data-element_type=\"container\" data-e-type=\"container\">\n\t\t\t\t\t<div class=\"e-con-inner\">\n\t\t\t\t<div class=\"elementor-element elementor-element-abb3814 elementor-widget__width-initial elementor-widget elementor-widget-text-editor\" data-id=\"abb3814\" data-element_type=\"widget\" data-e-type=\"widget\" data-widget_type=\"text-editor.default\">\n\t\t\t\t\t\t\t\t\t<p>In dieser Rubrik teile ich Kooperationen mit ausgew\u00e4hlten Unternehmen und Produkten, die meine Werte widerspiegeln und zu einer gesunden, nachhaltigen Ern\u00e4hrung passen. Jede Empfehlung basiert auf pers\u00f6nlicher Erfahrung und sorgf\u00e4ltiger Auswahl \u2013 f\u00fcr mehr Qualit\u00e4t und Vertrauen.<\/p>\t\t\t\t\t\t\t\t<\/div>\n\t\t\t\t\t<\/div>\n\t\t\t\t<\/div>\n\t\t<div class=\"elementor-element elementor-element-d69ddbb e-flex e-con-boxed e-con e-parent\" data-id=\"d69ddbb\" data-element_type=\"container\" data-e-type=\"container\">\n\t\t\t\t\t<div class=\"e-con-inner\">\n\t\t\t\t<div class=\"elementor-element elementor-element-41ae526 elementor-widget elementor-widget-spacer\" data-id=\"41ae526\" data-element_type=\"widget\" data-e-type=\"widget\" data-widget_type=\"spacer.default\">\n\t\t\t\t\t\t\t<div class=\"elementor-spacer\">\n\t\t\t<div class=\"elementor-spacer-inner\"><\/div>\n\t\t<\/div>\n\t\t\t\t\t\t<\/div>\n\t\t\t\t\t<\/div>\n\t\t\t\t<\/div>\n\t\t<div class=\"elementor-element elementor-element-21d249a e-flex e-con-boxed e-con e-parent\" data-id=\"21d249a\" data-element_type=\"container\" data-e-type=\"container\" data-settings=\"{&quot;background_background&quot;:&quot;classic&quot;}\">\n\t\t\t\t\t<div class=\"e-con-inner\">\n\t\t\t\t<div class=\"elementor-element elementor-element-cb899e1 elementor-widget elementor-widget-heading\" data-id=\"cb899e1\" data-element_type=\"widget\" data-e-type=\"widget\" data-widget_type=\"heading.default\">\n\t\t\t\t\t<h2 class=\"elementor-heading-title elementor-size-default\">myBioma<\/h2>\t\t\t\t<\/div>\n\t\t\t\t<div class=\"elementor-element elementor-element-af8b6a9 elementor-widget elementor-widget-image\" data-id=\"af8b6a9\" data-element_type=\"widget\" data-e-type=\"widget\" data-widget_type=\"image.default\">\n\t\t\t\t\t\t\t\t\t\t\t\t\t\t\t<img fetchpriority=\"high\" decoding=\"async\" width=\"300\" height=\"300\" src=\"https:\/\/valeriacarrara.de\/wp-content\/uploads\/2025\/10\/1719832860_RQ0YQ-300x300.png\" class=\"attachment-medium size-medium wp-image-269\" alt=\"\" srcset=\"https:\/\/valeriacarrara.de\/wp-content\/uploads\/2025\/10\/1719832860_RQ0YQ-300x300.png 300w, https:\/\/valeriacarrara.de\/wp-content\/uploads\/2025\/10\/1719832860_RQ0YQ-1024x1024.png 1024w, https:\/\/valeriacarrara.de\/wp-content\/uploads\/2025\/10\/1719832860_RQ0YQ-150x150.png 150w, https:\/\/valeriacarrara.de\/wp-content\/uploads\/2025\/10\/1719832860_RQ0YQ-768x768.png 768w, https:\/\/valeriacarrara.de\/wp-content\/uploads\/2025\/10\/1719832860_RQ0YQ.png 1080w\" sizes=\"(max-width: 300px) 100vw, 300px\" \/>\t\t\t\t\t\t\t\t\t\t\t\t\t\t\t<\/div>\n\t\t\t\t<div class=\"elementor-element elementor-element-f57234e elementor-widget elementor-widget-text-editor\" data-id=\"f57234e\" data-element_type=\"widget\" data-e-type=\"widget\" data-widget_type=\"text-editor.default\">\n\t\t\t\t\t\t\t\t\t<p><strong>myBioma &#8211; Die wissenschaftlich fundierte Darm-Mikrobiom-Analyse <\/strong><br \/><strong>f\u00fcr zu Hause &#8211; weil das Darm-Mikrobiom das Zentrum unserer <\/strong><br \/><strong>Gesundheit ist und \u00fcber unser Wohlbefinden entscheidet!<\/strong><\/p>\t\t\t\t\t\t\t\t<\/div>\n\t\t\t\t<div class=\"elementor-element elementor-element-9ca34f8 elementor-widget elementor-widget-spacer\" data-id=\"9ca34f8\" data-element_type=\"widget\" data-e-type=\"widget\" data-widget_type=\"spacer.default\">\n\t\t\t\t\t\t\t<div class=\"elementor-spacer\">\n\t\t\t<div class=\"elementor-spacer-inner\"><\/div>\n\t\t<\/div>\n\t\t\t\t\t\t<\/div>\n\t\t\t\t<div class=\"elementor-element elementor-element-a774f82 elementor-widget elementor-widget-text-editor\" data-id=\"a774f82\" data-element_type=\"widget\" data-e-type=\"widget\" data-widget_type=\"text-editor.default\">\n\t\t\t\t\t\t\t\t\t<p><strong>Das Darm-Mikrobiom &#8211; das Zentrum unserer Gesundheit<\/strong><\/p><p>Jeder Mensch besitzt sein eigenes, einzigartiges Mikrobiom &#8211; das aus Bakterien, Viren, Pilzen und <br \/>anderen Organismen besteht &#8211; die meisten davon leben in unserem Darm. Unser Darm<br \/>Mikrobiom hat einen wesentlichen Einfluss auf unsere gesamte Gesundheit und Wohlbefinden. <br \/>Die dort lebenden Bakterien entscheiden, ob wir zu Verdauungsproblemen wie Durchfall, <br \/>Verstopfung oder Bl\u00e4hungen neigen, wie wir Zucker, Eiwei\u00df und Fett verwerten und wie sich dies <br \/>auf unseren Stoffwechsel auswirkt. Aber auch unser Gewicht und die Gesundheit unserer Leber, <br \/>Niere oder Herz-Kreislaufsystems, steht im engeren Zusammenhang zu den in unserem Darm<br \/>Mikrobiom lebenden Bakterien.<\/p><p><br \/>Die Basis unseres Darm-Mikrobioms, bekommen wir zwar von unserer Mutter &#8211; aber wie es sich <br \/>entwickelt, h\u00e4ngt von unserer Ern\u00e4hrung und Lebensstil ab.<\/p>\t\t\t\t\t\t\t\t<\/div>\n\t\t\t\t\t<\/div>\n\t\t\t\t<\/div>\n\t\t<div class=\"elementor-element elementor-element-b1278ed e-flex e-con-boxed e-con e-parent\" data-id=\"b1278ed\" data-element_type=\"container\" data-e-type=\"container\" data-settings=\"{&quot;background_background&quot;:&quot;classic&quot;}\">\n\t\t\t\t\t<div class=\"e-con-inner\">\n\t\t<div class=\"elementor-element elementor-element-0bf0ec3 e-con-full e-flex e-con e-child\" data-id=\"0bf0ec3\" data-element_type=\"container\" data-e-type=\"container\">\n\t\t\t\t<div class=\"elementor-element elementor-element-c530a6c elementor-align-center elementor-widget elementor-widget-button\" data-id=\"c530a6c\" data-element_type=\"widget\" data-e-type=\"widget\" data-widget_type=\"button.default\">\n\t\t\t\t\t\t\t\t\t\t<a class=\"elementor-button elementor-button-link elementor-size-sm\" href=\"https:\/\/valeriacarrara.de\/?p=273\">\n\t\t\t\t\t\t<span class=\"elementor-button-content-wrapper\">\n\t\t\t\t\t\t\t\t\t<span class=\"elementor-button-text\">Mehr erfahren<\/span>\n\t\t\t\t\t<\/span>\n\t\t\t\t\t<\/a>\n\t\t\t\t\t\t\t\t<\/div>\n\t\t\t\t<\/div>\n\t\t<div class=\"elementor-element elementor-element-0381497 e-con-full e-flex e-con e-child\" data-id=\"0381497\" data-element_type=\"container\" data-e-type=\"container\">\n\t\t\t\t<div class=\"elementor-element elementor-element-b8c3240 elementor-align-center elementor-widget elementor-widget-button\" data-id=\"b8c3240\" data-element_type=\"widget\" data-e-type=\"widget\" data-widget_type=\"button.default\">\n\t\t\t\t\t\t\t\t\t\t<a class=\"elementor-button elementor-button-link elementor-size-sm\" href=\"https:\/\/valeriacarrara.de\/?page_id=15\">\n\t\t\t\t\t\t<span class=\"elementor-button-content-wrapper\">\n\t\t\t\t\t\t\t\t\t<span class=\"elementor-button-text\">Zum Shop<\/span>\n\t\t\t\t\t<\/span>\n\t\t\t\t\t<\/a>\n\t\t\t\t\t\t\t\t<\/div>\n\t\t\t\t<\/div>\n\t\t\t\t\t<\/div>\n\t\t\t\t<\/div>\n\t\t\t\t<\/div>\n\t\t","protected":false},"excerpt":{"rendered":"<p>Collab In dieser Rubrik teile ich Kooperationen mit ausgew\u00e4hlten Unternehmen und Produkten, die meine Werte widerspiegeln und zu einer gesunden, nachhaltigen Ern\u00e4hrung passen. Jede Empfehlung basiert auf pers\u00f6nlicher Erfahrung und [&hellip;]<\/p>\n","protected":false},"author":1,"featured_media":0,"parent":0,"menu_order":0,"comment_status":"closed","ping_status":"closed","template":"","meta":{"site-sidebar-layout":"no-sidebar","site-content-layout":"","ast-site-content-layout":"full-width-container","site-content-style":"default","site-sidebar-style":"default","ast-global-header-display":"","ast-banner-title-visibility":"","ast-main-header-display":"","ast-hfb-above-header-display":"","ast-hfb-below-header-display":"","ast-hfb-mobile-header-display":"","site-post-title":"disabled","ast-breadcrumbs-content":"","ast-featured-img":"disabled","footer-sml-layout":"","ast-disable-related-posts":"","theme-transparent-header-meta":"","adv-header-id-meta":"","stick-header-meta":"","header-above-stick-meta":"","header-main-stick-meta":"","header-below-stick-meta":"","astra-migrate-meta-layouts":"default","ast-page-background-enabled":"default","ast-page-background-meta":{"desktop":{"background-color":"var(--ast-global-color-5)","background-image":"","background-repeat":"repeat","background-position":"center center","background-size":"auto","background-attachment":"scroll","background-type":"","background-media":"","overlay-type":"","overlay-color":"","overlay-opacity":"","overlay-gradient":""},"tablet":{"background-color":"","background-image":"","background-repeat":"repeat","background-position":"center center","background-size":"auto","background-attachment":"scroll","background-type":"","background-media":"","overlay-type":"","overlay-color":"","overlay-opacity":"","overlay-gradient":""},"mobile":{"background-color":"","background-image":"","background-repeat":"repeat","background-position":"center center","background-size":"auto","background-attachment":"scroll","background-type":"","background-media":"","overlay-type":"","overlay-color":"","overlay-opacity":"","overlay-gradient":""}},"ast-content-background-meta":{"desktop":{"background-color":"var(--ast-global-color-4)","background-image":"","background-repeat":"repeat","background-position":"center center","background-size":"auto","background-attachment":"scroll","background-type":"","background-media":"","overlay-type":"","overlay-color":"","overlay-opacity":"","overlay-gradient":""},"tablet":{"background-color":"var(--ast-global-color-4)","background-image":"","background-repeat":"repeat","background-position":"center center","background-size":"auto","background-attachment":"scroll","background-type":"","background-media":"","overlay-type":"","overlay-color":"","overlay-opacity":"","overlay-gradient":""},"mobile":{"background-color":"var(--ast-global-color-4)","background-image":"","background-repeat":"repeat","background-position":"center center","background-size":"auto","background-attachment":"scroll","background-type":"","background-media":"","overlay-type":"","overlay-color":"","overlay-opacity":"","overlay-gradient":""}},"footnotes":""},"class_list":["post-261","page","type-page","status-publish","hentry"],"_links":{"self":[{"href":"https:\/\/valeriacarrara.de\/index.php?rest_route=\/wp\/v2\/pages\/261","targetHints":{"allow":["GET"]}}],"collection":[{"href":"https:\/\/valeriacarrara.de\/index.php?rest_route=\/wp\/v2\/pages"}],"about":[{"href":"https:\/\/valeriacarrara.de\/index.php?rest_route=\/wp\/v2\/types\/page"}],"author":[{"embeddable":true,"href":"https:\/\/valeriacarrara.de\/index.php?rest_route=\/wp\/v2\/users\/1"}],"replies":[{"embeddable":true,"href":"https:\/\/valeriacarrara.de\/index.php?rest_route=%2Fwp%2Fv2%2Fcomments&post=261"}],"version-history":[{"count":10,"href":"https:\/\/valeriacarrara.de\/index.php?rest_route=\/wp\/v2\/pages\/261\/revisions"}],"predecessor-version":[{"id":284,"href":"https:\/\/valeriacarrara.de\/index.php?rest_route=\/wp\/v2\/pages\/261\/revisions\/284"}],"wp:attachment":[{"href":"https:\/\/valeriacarrara.de\/index.php?rest_route=%2Fwp%2Fv2%2Fmedia&parent=261"}],"curies":[{"name":"wp","href":"https:\/\/api.w.org\/{rel}","templated":true}]}}